{"id":628,"date":"2023-08-31T00:02:21","date_gmt":"2023-08-31T00:02:21","guid":{"rendered":"https:\/\/drikungmx.org\/tienda\/?post_type=product&#038;p=628"},"modified":"2023-08-31T00:19:17","modified_gmt":"2023-08-31T00:19:17","slug":"practicas-cortas-meditacion-budismo-tibetano-libro-vol-2","status":"publish","type":"product","link":"https:\/\/drikungmx.org\/tienda\/product\/practicas-cortas-meditacion-budismo-tibetano-libro-vol-2\/","title":{"rendered":"Pr\u00e1cticas cortas Meditaci\u00f3n Budismo Tibetano Libro Vol.2"},"content":{"rendered":"<body>\t\t<div data-elementor-type=\"wp-post\" data-elementor-id=\"628\" class=\"elementor elementor-628\">\n\t\t\t\t\t\t<section class=\"elementor-section elementor-top-section elementor-element elementor-element-2f37045b elementor-section-content-bottom elementor-section-boxed elementor-section-height-default elementor-section-height-default\" data-id=\"2f37045b\" data-element_type=\"section\" data-e-type=\"section\" data-settings=\"{&quot;background_background&quot;:&quot;classic&quot;}\">\n\t\t\t\t\t\t<div class=\"elementor-container elementor-column-gap-no\">\n\t\t\t\t\t<div class=\"elementor-column elementor-col-50 elementor-top-column elementor-element elementor-element-1ecbba49\" data-id=\"1ecbba49\" data-element_type=\"column\" data-e-type=\"column\">\n\t\t\t<div class=\"elementor-widget-wrap elementor-element-populated\">\n\t\t\t\t\t\t<div class=\"elementor-element elementor-element-6b117467 elementor-widget elementor-widget-heading\" data-id=\"6b117467\" data-element_type=\"widget\" data-e-type=\"widget\" data-widget_type=\"heading.default\">\n\t\t\t\t<div class=\"elementor-widget-container\">\n\t\t\t\t\t<h2 class=\"elementor-heading-title elementor-size-default\">Uganda - Arabica &amp; Robusta<\/h2>\t\t\t\t<\/div>\n\t\t\t\t<\/div>\n\t\t\t\t\t<\/div>\n\t\t<\/div>\n\t\t\t\t<div class=\"elementor-column elementor-col-50 elementor-top-column elementor-element elementor-element-b3e9ca5\" data-id=\"b3e9ca5\" data-element_type=\"column\" data-e-type=\"column\">\n\t\t\t<div class=\"elementor-widget-wrap elementor-element-populated\">\n\t\t\t\t\t\t<div class=\"elementor-element elementor-element-2fa0cd3b elementor-widget elementor-widget-image\" data-id=\"2fa0cd3b\" data-element_type=\"widget\" data-e-type=\"widget\" data-widget_type=\"image.default\">\n\t\t\t\t<div class=\"elementor-widget-container\">\n\t\t\t\t\t\t\t\t\t\t\t\t\t\t\t<img loading=\"lazy\" decoding=\"async\" width=\"169\" height=\"28\" src=\"https:\/\/i0.wp.com\/drikungmx.org\/tienda\/wp-content\/uploads\/2020\/07\/Icon-1.png?fit=169%2C28&amp;ssl=1\" class=\"attachment-full size-full wp-image-124\" alt=\"\" loading=\"lazy\">\t\t\t\t\t\t\t\t\t\t\t\t\t\t\t<\/div>\n\t\t\t\t<\/div>\n\t\t\t\t\t<\/div>\n\t\t<\/div>\n\t\t\t\t\t<\/div>\n\t\t<\/section>\n\t\t\t\t<section class=\"elementor-section elementor-top-section elementor-element elementor-element-4a495d14 elementor-section-boxed elementor-section-height-default elementor-section-height-default\" data-id=\"4a495d14\" data-element_type=\"section\" data-e-type=\"section\">\n\t\t\t\t\t\t<div class=\"elementor-container elementor-column-gap-no\">\n\t\t\t\t\t<div class=\"elementor-column elementor-col-100 elementor-top-column elementor-element elementor-element-385e7a12\" data-id=\"385e7a12\" data-element_type=\"column\" data-e-type=\"column\">\n\t\t\t<div class=\"elementor-widget-wrap elementor-element-populated\">\n\t\t\t\t\t\t<div class=\"elementor-element elementor-element-115b25cb elementor-widget elementor-widget-text-editor\" data-id=\"115b25cb\" data-element_type=\"widget\" data-e-type=\"widget\" data-widget_type=\"text-editor.default\">\n\t\t\t\t<div class=\"elementor-widget-container\">\n\t\t\t\t\t\t\t\t\tIt is a long established fact that a reader will be distracted by the readable content of a page when looking at its layout. The point of using Lorem Ipsum is that it has a more-or-less normal distribution of letters, as opposed to using \u2018Content here, content here\u2019, making it look like readable English. Many desktop publishing packages and web page editors now use Lorem Ipsum as their default model text search for sometimes on purpose (injected humour and the like). \t\t\t\t\t\t\t\t<\/div>\n\t\t\t\t<\/div>\n\t\t\t\t\t<\/div>\n\t\t<\/div>\n\t\t\t\t\t<\/div>\n\t\t<\/section>\n\t\t\t\t<section class=\"elementor-section elementor-top-section elementor-element elementor-element-7a38b5 elementor-section-stretched elementor-section-boxed elementor-section-height-default elementor-section-height-default\" data-id=\"7a38b5\" data-element_type=\"section\" data-e-type=\"section\" data-settings=\"{&quot;stretch_section&quot;:&quot;section-stretched&quot;,&quot;background_background&quot;:&quot;classic&quot;}\">\n\t\t\t\t\t\t<div class=\"elementor-container elementor-column-gap-default\">\n\t\t\t\t\t<div class=\"elementor-column elementor-col-100 elementor-top-column elementor-element elementor-element-6b2cf7b9\" data-id=\"6b2cf7b9\" data-element_type=\"column\" data-e-type=\"column\">\n\t\t\t<div class=\"elementor-widget-wrap elementor-element-populated\">\n\t\t\t\t\t\t<div class=\"elementor-element elementor-element-2a425ec4 elementor-widget elementor-widget-heading\" data-id=\"2a425ec4\" data-element_type=\"widget\" data-e-type=\"widget\" data-widget_type=\"heading.default\">\n\t\t\t\t<div class=\"elementor-widget-container\">\n\t\t\t\t\t<h2 class=\"elementor-heading-title elementor-size-default\">Latest Arrivals <\/h2>\t\t\t\t<\/div>\n\t\t\t\t<\/div>\n\t\t\t\t<div class=\"elementor-element elementor-element-47c2587e elementor-widget elementor-widget-heading\" data-id=\"47c2587e\" data-element_type=\"widget\" data-e-type=\"widget\" data-widget_type=\"heading.default\">\n\t\t\t\t<div class=\"elementor-widget-container\">\n\t\t\t\t\t<h2 class=\"elementor-heading-title elementor-size-default\">You may also like<\/h2>\t\t\t\t<\/div>\n\t\t\t\t<\/div>\n\t\t\t\t<div class=\"elementor-element elementor-element-1a151e45 elementor-widget elementor-widget-etheme_products\" data-id=\"1a151e45\" data-element_type=\"widget\" data-e-type=\"widget\" data-widget_type=\"etheme_products.default\">\n\t\t\t\t<div class=\"elementor-widget-container\">\n\t\t\t\t\t        <link rel=\"stylesheet\" href=\"https:\/\/drikungmx.org\/tienda\/wp-content\/themes\/xstore\/css\/modules\/woocommerce\/global.min.css\" type=\"text\/css\" media=\"all\"> \t\t        <link rel=\"stylesheet\" href=\"https:\/\/drikungmx.org\/tienda\/wp-content\/themes\/xstore\/css\/modules\/woocommerce\/archive.min.css\" type=\"text\/css\" media=\"all\"> \t\t        <link rel=\"stylesheet\" href=\"https:\/\/drikungmx.org\/tienda\/wp-content\/themes\/xstore\/css\/modules\/woocommerce\/product-hovers\/product-view-default.min.css\" type=\"text\/css\" media=\"all\"> \t\t<div class=\"swiper-entry  middle arrows-hover\">\n\t                <div class=\"swiper-container carousel-area  products-slider slider-8733 \" data-breakpoints=\"1\" data-xs-slides=\"2\" data-sm-slides=\"3\" data-md-slides=\"5\" data-lt-slides=\"5\" data-slides-per-view=\"5\" data-slides-per-group=\"1\" data-autoplay=\"\" data-speed=\"300\">\n\t            <div class=\"swiper-wrapper\"><div class=\"swiper-slide slide-item product-slide -slide\" style=\"width:20%\"> \n<div class=\"et_cart-on product-hover-swap product-view-default view-color-dark product type-product post-623 status-publish instock product_cat-arabica product_tag-americano product_tag-macchiato has-post-thumbnail downloadable virtual purchasable product-type-simple\">\n    <div class=\"content-product \">\n        \n        \n            \n                    \n                    <div class=\"product-image-wrapper hover-effect-swap\">\n\t                                            <a class=\"product-content-image\" href=\"https:\/\/drikungmx.org\/tienda\/product\/meditacion-budismo-tibetano-libro-vol-1\/\" data-images=\"\">\n\t                        \t                                                    \t\n\t                        <img loading=\"lazy\" decoding=\"async\" width=\"300\" height=\"300\" src=\"https:\/\/i0.wp.com\/drikungmx.org\/tienda\/wp-content\/uploads\/2023\/08\/Captura-de-pantalla-2023-08-30-a-las-17.45.21.png?resize=300%2C300&amp;ssl=1\" class=\"attachment-woocommerce_thumbnail size-woocommerce_thumbnail\" alt=\"Meditaci\u00f3n Budismo Tibetano Libro Vol.1\" srcset=\"https:\/\/i0.wp.com\/drikungmx.org\/tienda\/wp-content\/uploads\/2023\/08\/Captura-de-pantalla-2023-08-30-a-las-17.45.21.png?resize=150%2C150&amp;ssl=1 150w, https:\/\/i0.wp.com\/drikungmx.org\/tienda\/wp-content\/uploads\/2023\/08\/Captura-de-pantalla-2023-08-30-a-las-17.45.21.png?resize=300%2C300&amp;ssl=1 300w, https:\/\/i0.wp.com\/drikungmx.org\/tienda\/wp-content\/uploads\/2023\/08\/Captura-de-pantalla-2023-08-30-a-las-17.45.21.png?resize=100%2C100&amp;ssl=1 100w, https:\/\/i0.wp.com\/drikungmx.org\/tienda\/wp-content\/uploads\/2023\/08\/Captura-de-pantalla-2023-08-30-a-las-17.45.21.png?resize=1%2C1&amp;ssl=1 1w, https:\/\/i0.wp.com\/drikungmx.org\/tienda\/wp-content\/uploads\/2023\/08\/Captura-de-pantalla-2023-08-30-a-las-17.45.21.png?zoom=2&amp;resize=300%2C300&amp;ssl=1 600w, https:\/\/i0.wp.com\/drikungmx.org\/tienda\/wp-content\/uploads\/2023\/08\/Captura-de-pantalla-2023-08-30-a-las-17.45.21.png?zoom=3&amp;resize=300%2C300&amp;ssl=1 900w\" sizes=\"auto, (max-width: 300px) 100vw, 300px\" loading=\"lazy\">                            \n                        <\/a>\n                        \n                        \n                        \n                        \n                                                    <footer class=\"footer-product\">\n                                                                                            <\/footer>\n                                            <\/div>\n\n                    \n            \t\t                        <div class=\"text-center product-details\">\n\n                            \n                    \n                                \n                                            <h2 class=\"product-title\">\n                            <a href=\"https:\/\/drikungmx.org\/tienda\/product\/meditacion-budismo-tibetano-libro-vol-1\/\">Meditaci\u00f3n Budismo Tibetano Libro Vol.1<\/a>\n                        <\/h2>\n                                        \n                                \n                                                    \n\t<span class=\"price\"><span class=\"woocommerce-Price-amount amount\"><bdi><span class=\"woocommerce-Price-currencySymbol\">$<\/span>200.00<\/bdi><\/span><\/span>\n                                                                                                        \n                    <a href=\"\/tienda\/wp-json\/wp\/v2\/product\/628?add-to-cart=623\" aria-describedby=\"woocommerce_loop_add_to_cart_link_describedby_623\" data-quantity=\"1\" class=\"button product_type_simple add_to_cart_button ajax_add_to_cart\" data-product_id=\"623\" data-product_sku=\"\" aria-label=\"A\u00f1adir al carrito: \u201cMeditaci\u00f3n Budismo Tibetano Libro Vol.1\u201d\" rel=\"nofollow\" data-success_message=\"\u00abMeditaci\u00f3n Budismo Tibetano Libro Vol.1\u00bb se ha a\u00f1adido a tu carrito\" data-product_name=\"Meditaci\u00f3n Budismo Tibetano Libro Vol.1\" role=\"button\">A\u00f1adir al carrito<\/a>\t<span id=\"woocommerce_loop_add_to_cart_link_describedby_623\" class=\"screen-reader-text\">\n\t\t\t<\/span>\n                    \n                    \n                                \n                <\/div>            \n\t\t                                            <\/div><!-- .content-product -->\n<\/div>\n\n<\/div><div class=\"swiper-slide slide-item product-slide -slide\" style=\"width:20%\"> \n<div class=\"et_cart-on product-hover-swap product-view-default view-color-dark product type-product post-634 status-publish last instock product_cat-arabica product_tag-americano product_tag-macchiato has-post-thumbnail downloadable virtual purchasable product-type-simple\">\n    <div class=\"content-product \">\n        \n        \n            \n                    \n                    <div class=\"product-image-wrapper hover-effect-swap\">\n\t                                            <a class=\"product-content-image\" href=\"https:\/\/drikungmx.org\/tienda\/product\/la-corriente-de-bendiciones-el-quintuple-sendero-el-corazon-de-la-esencia-de-la-practica-del-mahamudra\/\" data-images=\"\">\n\t                        \t                                                    \t\n\t                        <img loading=\"lazy\" decoding=\"async\" width=\"300\" height=\"300\" src=\"https:\/\/i0.wp.com\/drikungmx.org\/tienda\/wp-content\/uploads\/2023\/08\/imagen-mahamudra.png?resize=300%2C300&amp;ssl=1\" class=\"attachment-woocommerce_thumbnail size-woocommerce_thumbnail\" alt=\"La corriente de Bendiciones El qu\u00edntuple sendero, El coraz\u00f3n de la esencia de la pr\u00e1ctica del Mahamudra.\" srcset=\"https:\/\/i0.wp.com\/drikungmx.org\/tienda\/wp-content\/uploads\/2023\/08\/imagen-mahamudra.png?resize=150%2C150&amp;ssl=1 150w, https:\/\/i0.wp.com\/drikungmx.org\/tienda\/wp-content\/uploads\/2023\/08\/imagen-mahamudra.png?resize=300%2C300&amp;ssl=1 300w, https:\/\/i0.wp.com\/drikungmx.org\/tienda\/wp-content\/uploads\/2023\/08\/imagen-mahamudra.png?resize=100%2C100&amp;ssl=1 100w, https:\/\/i0.wp.com\/drikungmx.org\/tienda\/wp-content\/uploads\/2023\/08\/imagen-mahamudra.png?resize=1%2C1&amp;ssl=1 1w, https:\/\/i0.wp.com\/drikungmx.org\/tienda\/wp-content\/uploads\/2023\/08\/imagen-mahamudra.png?zoom=2&amp;resize=300%2C300&amp;ssl=1 600w, https:\/\/i0.wp.com\/drikungmx.org\/tienda\/wp-content\/uploads\/2023\/08\/imagen-mahamudra.png?zoom=3&amp;resize=300%2C300&amp;ssl=1 900w\" sizes=\"auto, (max-width: 300px) 100vw, 300px\" loading=\"lazy\">                            \n                        <\/a>\n                        \n                        \n                        \n                        \n                                                    <footer class=\"footer-product\">\n                                                                                            <\/footer>\n                                            <\/div>\n\n                    \n            \t\t                        <div class=\"text-center product-details\">\n\n                            \n                    \n                                \n                                            <h2 class=\"product-title\">\n                            <a href=\"https:\/\/drikungmx.org\/tienda\/product\/la-corriente-de-bendiciones-el-quintuple-sendero-el-corazon-de-la-esencia-de-la-practica-del-mahamudra\/\">La corriente de Bendiciones El qu\u00edntuple sendero, El coraz\u00f3n de la esencia de la pr\u00e1ctica del Mahamudra.<\/a>\n                        <\/h2>\n                                        \n                                \n                                                    \n\t<span class=\"price\"><span class=\"woocommerce-Price-amount amount\"><bdi><span class=\"woocommerce-Price-currencySymbol\">$<\/span>200.00<\/bdi><\/span><\/span>\n                                                                                                        \n                    <a href=\"\/tienda\/wp-json\/wp\/v2\/product\/628?add-to-cart=634\" aria-describedby=\"woocommerce_loop_add_to_cart_link_describedby_634\" data-quantity=\"1\" class=\"button product_type_simple add_to_cart_button ajax_add_to_cart\" data-product_id=\"634\" data-product_sku=\"\" aria-label=\"A\u00f1adir al carrito: \u201cLa corriente de Bendiciones El qu\u00edntuple sendero, El coraz\u00f3n de la esencia de la pr\u00e1ctica del Mahamudra.\u201d\" rel=\"nofollow\" data-success_message=\"\u00abLa corriente de Bendiciones El qu\u00edntuple sendero, El coraz\u00f3n de la esencia de la pr\u00e1ctica del Mahamudra.\u00bb se ha a\u00f1adido a tu carrito\" data-product_name=\"La corriente de Bendiciones El qu\u00edntuple sendero, El coraz\u00f3n de la esencia de la pr\u00e1ctica del Mahamudra.\" role=\"button\">A\u00f1adir al carrito<\/a>\t<span id=\"woocommerce_loop_add_to_cart_link_describedby_634\" class=\"screen-reader-text\">\n\t\t\t<\/span>\n                    \n                    \n                                \n                <\/div>            \n\t\t                                            <\/div><!-- .content-product -->\n<\/div>\n\n<\/div><div class=\"swiper-slide slide-item product-slide -slide\" style=\"width:20%\"> \n<div class=\"et_cart-on product-hover-swap product-view-default view-color-dark product type-product post-628 status-publish instock product_cat-arabica product_tag-americano product_tag-macchiato has-post-thumbnail downloadable virtual purchasable product-type-simple\">\n    <div class=\"content-product \">\n        \n        \n            \n                    \n                    <div class=\"product-image-wrapper hover-effect-swap\">\n\t                                            <a class=\"product-content-image\" href=\"https:\/\/drikungmx.org\/tienda\/product\/practicas-cortas-meditacion-budismo-tibetano-libro-vol-2\/\" data-images=\"\">\n\t                        \t                                                    <div class=\"image-swap\"><img loading=\"lazy\" decoding=\"async\" width=\"300\" height=\"300\" src=\"https:\/\/i0.wp.com\/drikungmx.org\/tienda\/wp-content\/uploads\/2023\/08\/portada-vol-2.png?resize=300%2C300&amp;ssl=1\" class=\"\" alt=\"\" srcset=\"https:\/\/i0.wp.com\/drikungmx.org\/tienda\/wp-content\/uploads\/2023\/08\/portada-vol-2.png?resize=150%2C150&amp;ssl=1 150w, https:\/\/i0.wp.com\/drikungmx.org\/tienda\/wp-content\/uploads\/2023\/08\/portada-vol-2.png?resize=300%2C300&amp;ssl=1 300w, https:\/\/i0.wp.com\/drikungmx.org\/tienda\/wp-content\/uploads\/2023\/08\/portada-vol-2.png?resize=100%2C100&amp;ssl=1 100w, https:\/\/i0.wp.com\/drikungmx.org\/tienda\/wp-content\/uploads\/2023\/08\/portada-vol-2.png?resize=1%2C1&amp;ssl=1 1w, https:\/\/i0.wp.com\/drikungmx.org\/tienda\/wp-content\/uploads\/2023\/08\/portada-vol-2.png?zoom=2&amp;resize=300%2C300&amp;ssl=1 600w, https:\/\/i0.wp.com\/drikungmx.org\/tienda\/wp-content\/uploads\/2023\/08\/portada-vol-2.png?zoom=3&amp;resize=300%2C300&amp;ssl=1 900w\" sizes=\"auto, (max-width: 300px) 100vw, 300px\" loading=\"lazy\"><\/div>\t\n\t                        <img loading=\"lazy\" decoding=\"async\" width=\"300\" height=\"300\" src=\"https:\/\/i0.wp.com\/drikungmx.org\/tienda\/wp-content\/uploads\/2023\/08\/portada-vol-2.png?resize=300%2C300&amp;ssl=1\" class=\"attachment-woocommerce_thumbnail size-woocommerce_thumbnail\" alt=\"Pr\u00e1cticas cortas Meditaci\u00f3n Budismo Tibetano Libro Vol.2\" srcset=\"https:\/\/i0.wp.com\/drikungmx.org\/tienda\/wp-content\/uploads\/2023\/08\/portada-vol-2.png?resize=150%2C150&amp;ssl=1 150w, https:\/\/i0.wp.com\/drikungmx.org\/tienda\/wp-content\/uploads\/2023\/08\/portada-vol-2.png?resize=300%2C300&amp;ssl=1 300w, https:\/\/i0.wp.com\/drikungmx.org\/tienda\/wp-content\/uploads\/2023\/08\/portada-vol-2.png?resize=100%2C100&amp;ssl=1 100w, https:\/\/i0.wp.com\/drikungmx.org\/tienda\/wp-content\/uploads\/2023\/08\/portada-vol-2.png?resize=1%2C1&amp;ssl=1 1w, https:\/\/i0.wp.com\/drikungmx.org\/tienda\/wp-content\/uploads\/2023\/08\/portada-vol-2.png?zoom=2&amp;resize=300%2C300&amp;ssl=1 600w, https:\/\/i0.wp.com\/drikungmx.org\/tienda\/wp-content\/uploads\/2023\/08\/portada-vol-2.png?zoom=3&amp;resize=300%2C300&amp;ssl=1 900w\" sizes=\"auto, (max-width: 300px) 100vw, 300px\" loading=\"lazy\">                            \n                        <\/a>\n                        \n                        \n                        \n                        \n                                                    <footer class=\"footer-product\">\n                                                                                            <\/footer>\n                                            <\/div>\n\n                    \n            \t\t                        <div class=\"text-center product-details\">\n\n                            \n                    \n                                \n                                            <h2 class=\"product-title\">\n                            <a href=\"https:\/\/drikungmx.org\/tienda\/product\/practicas-cortas-meditacion-budismo-tibetano-libro-vol-2\/\">Pr\u00e1cticas cortas Meditaci\u00f3n Budismo Tibetano Libro Vol.2<\/a>\n                        <\/h2>\n                                        \n                                \n                                                    \n\t<span class=\"price\"><span class=\"woocommerce-Price-amount amount\"><bdi><span class=\"woocommerce-Price-currencySymbol\">$<\/span>150.00<\/bdi><\/span><\/span>\n                                                                                                        \n                    <a href=\"\/tienda\/wp-json\/wp\/v2\/product\/628?add-to-cart=628\" aria-describedby=\"woocommerce_loop_add_to_cart_link_describedby_628\" data-quantity=\"1\" class=\"button product_type_simple add_to_cart_button ajax_add_to_cart\" data-product_id=\"628\" data-product_sku=\"\" aria-label=\"A\u00f1adir al carrito: \u201cPr\u00e1cticas cortas Meditaci\u00f3n Budismo Tibetano Libro Vol.2\u201d\" rel=\"nofollow\" data-success_message=\"\u00abPr\u00e1cticas cortas Meditaci\u00f3n Budismo Tibetano Libro Vol.2\u00bb se ha a\u00f1adido a tu carrito\" data-product_name=\"Pr\u00e1cticas cortas Meditaci\u00f3n Budismo Tibetano Libro Vol.2\" role=\"button\">A\u00f1adir al carrito<\/a>\t<span id=\"woocommerce_loop_add_to_cart_link_describedby_628\" class=\"screen-reader-text\">\n\t\t\t<\/span>\n                    \n                    \n                                \n                <\/div>            \n\t\t                                            <\/div><!-- .content-product -->\n<\/div>\n\n<\/div><\/div><!-- slider wrapper--><\/div><!-- slider container-->\n                \t\t<div class=\"swiper-button-prev swiper-custom-left  et-swiper-elementor-nav type-arrow style-1\"><\/div>\n                \t\t<div class=\"swiper-button-next swiper-custom-right  et-swiper-elementor-nav type-arrow style-1\"><\/div>\n                \t\t<\/div><div class=\"clear\"><\/div><!-- slider-entry -->\t\t\t\t<\/div>\n\t\t\t\t<\/div>\n\t\t\t\t\t<\/div>\n\t\t<\/div>\n\t\t\t\t\t<\/div>\n\t\t<\/section>\n\t\t\t\t<\/div>\n\t\t<\/body>","protected":false},"excerpt":{"rendered":"<p>Esta es una recopilaci\u00f3n de pr\u00e1cticas cortas que hizo Rimpoche Drupon Samten<\/p>\n<p>&nbsp;<\/p>\n","protected":false},"featured_media":631,"template":"","meta":{"om_disable_all_campaigns":false},"etheme_brands":[],"product_brand":[],"product_cat":[18],"product_tag":[17,19],"class_list":{"0":"post-628","1":"product","2":"type-product","3":"status-publish","4":"has-post-thumbnail","6":"product_cat-arabica","7":"product_tag-americano","8":"product_tag-macchiato","10":"","11":"instock","12":"downloadable","13":"virtual","14":"purchasable","15":"product-type-simple"},"jetpack_sharing_enabled":true,"_links":{"self":[{"href":"https:\/\/drikungmx.org\/tienda\/wp-json\/wp\/v2\/product\/628","targetHints":{"allow":["GET"]}}],"collection":[{"href":"https:\/\/drikungmx.org\/tienda\/wp-json\/wp\/v2\/product"}],"about":[{"href":"https:\/\/drikungmx.org\/tienda\/wp-json\/wp\/v2\/types\/product"}],"version-history":[{"count":1,"href":"https:\/\/drikungmx.org\/tienda\/wp-json\/wp\/v2\/product\/628\/revisions"}],"predecessor-version":[{"id":632,"href":"https:\/\/drikungmx.org\/tienda\/wp-json\/wp\/v2\/product\/628\/revisions\/632"}],"wp:featuredmedia":[{"embeddable":true,"href":"https:\/\/drikungmx.org\/tienda\/wp-json\/wp\/v2\/media\/631"}],"wp:attachment":[{"href":"https:\/\/drikungmx.org\/tienda\/wp-json\/wp\/v2\/media?parent=628"}],"wp:term":[{"taxonomy":"brand","embeddable":true,"href":"https:\/\/drikungmx.org\/tienda\/wp-json\/wp\/v2\/etheme_brands?post=628"},{"taxonomy":"product_brand","embeddable":true,"href":"https:\/\/drikungmx.org\/tienda\/wp-json\/wp\/v2\/product_brand?post=628"},{"taxonomy":"product_cat","embeddable":true,"href":"https:\/\/drikungmx.org\/tienda\/wp-json\/wp\/v2\/product_cat?post=628"},{"taxonomy":"product_tag","embeddable":true,"href":"https:\/\/drikungmx.org\/tienda\/wp-json\/wp\/v2\/product_tag?post=628"}],"curies":[{"name":"wp","href":"https:\/\/api.w.org\/{rel}","templated":true}]}}